{"id":1606,"date":"2024-09-25T09:57:21","date_gmt":"2024-09-25T09:57:21","guid":{"rendered":"https:\/\/pasteleriaelcisne.rkinformatika.online\/mi-cuenta\/"},"modified":"2024-09-27T07:54:12","modified_gmt":"2024-09-27T07:54:12","slug":"mi-cuenta","status":"publish","type":"page","link":"https:\/\/tienda.pasteleriaelcisne.es\/eus\/mi-cuenta\/","title":{"rendered":"Mi cuenta"},"content":{"rendered":"<div data-elementor-type=\"wp-page\" data-elementor-id=\"1606\" class=\"elementor elementor-1606\" data-elementor-post-type=\"page\">\n\t\t\t\t<div class=\"elementor-element elementor-element-2a83c5f e-flex e-con-boxed e-con e-parent\" data-id=\"2a83c5f\" data-element_type=\"container\" data-e-type=\"container\">\n\t\t\t\t\t<div class=\"e-con-inner\">\n\t\t<div class=\"elementor-element elementor-element-45deab3 e-con-full e-flex e-con e-child\" data-id=\"45deab3\" data-element_type=\"container\" data-e-type=\"container\">\n\t\t\t\t<div class=\"elementor-element elementor-element-c4bde9d elementor-widget elementor-widget-heading\" data-id=\"c4bde9d\" data-element_type=\"widget\" data-e-type=\"widget\" data-widget_type=\"heading.default\">\n\t\t\t\t<div class=\"elementor-widget-container\">\n\t\t\t\t\t<h2 class=\"elementor-heading-title elementor-size-default\">Mi cuenta<\/h2>\t\t\t\t<\/div>\n\t\t\t\t<\/div>\n\t\t\t\t<\/div>\n\t\t\t\t<div class=\"elementor-element elementor-element-3d8d101 e-my-account-tabs-vertical elementor-widget elementor-widget-woocommerce-my-account\" data-id=\"3d8d101\" data-element_type=\"widget\" data-e-type=\"widget\" data-widget_type=\"woocommerce-my-account.default\">\n\t\t\t\t<div class=\"elementor-widget-container\">\n\t\t\t\t\t<div class=\"e-my-account-tab e-my-account-tab__\">\t\t\t<div class=\"woocommerce\"><div class=\"woocommerce-notices-wrapper\"><\/div>\n\n\t\t<h2 data-no-translation=\"\" data-trp-gettext=\"\">Saioa hasi<\/h2>\n\n\t\t<form class=\"woocommerce-form woocommerce-form-login login\" method=\"post\" novalidate action=\"\">\n\n\t\t\t\n\t\t\t<p class=\"woocommerce-form-row woocommerce-form-row--wide form-row form-row-wide\">\n\t\t\t\t<label for=\"username\">Erabiltzaile-izena edo posta-elektronikoa&nbsp;<span class=\"required\" aria-hidden=\"true\">*<\/span><span class=\"screen-reader-text\" data-no-translation=\"\" data-trp-gettext=\"\">Beharrezkoa<\/span><\/label>\n\t\t\t\t<input type=\"text\" class=\"woocommerce-Input woocommerce-Input--text input-text\" name=\"username\" id=\"username\" autocomplete=\"username\" value=\"\" required aria-required=\"true\" \/>\t\t\t<\/p>\n\t\t\t<p class=\"woocommerce-form-row woocommerce-form-row--wide form-row form-row-wide\">\n\t\t\t\t<label for=\"password\">Pasahitza&nbsp;<span class=\"required\" aria-hidden=\"true\">*<\/span><span class=\"screen-reader-text\" data-no-translation=\"\" data-trp-gettext=\"\">Beharrezkoa<\/span><\/label>\n\t\t\t\t<input class=\"woocommerce-Input woocommerce-Input--text input-text\" type=\"password\" name=\"password\" id=\"password\" autocomplete=\"current-password\" required aria-required=\"true\" \/>\n\t\t\t<\/p>\n\n\t\t\t\n\t\t\t<p class=\"form-row\">\n\t\t\t\t<label class=\"woocommerce-form__label woocommerce-form__label-for-checkbox woocommerce-form-login__rememberme\">\n\t\t\t\t\t<input class=\"woocommerce-form__input woocommerce-form__input-checkbox\" name=\"rememberme\" type=\"checkbox\" id=\"rememberme\" value=\"forever\" \/> <span data-no-translation=\"\" data-trp-gettext=\"\">Gogora nazazu<\/span>\n\t\t\t\t<\/label>\n\t\t\t\t<input type=\"hidden\" id=\"woocommerce-login-nonce\" name=\"woocommerce-login-nonce\" value=\"ce190bf181\" \/><input type=\"hidden\" name=\"_wp_http_referer\" value=\"\/eus\/wp-json\/wp\/v2\/pages\/1606\" \/>\t\t\t\t<button type=\"submit\" class=\"woocommerce-button button woocommerce-form-login__submit\" name=\"login\" value=\"Saioa hasi\" data-no-translation=\"\" data-trp-gettext=\"\" data-no-translation-value=\"\">Saioa hasi<\/button>\n\t\t\t<\/p>\n\t\t\t<p class=\"woocommerce-LostPassword lost_password\">\n\t\t\t\t<a href=\"https:\/\/tienda.pasteleriaelcisne.es\/eus\/mi-cuenta\/lost-password\/\" data-no-translation=\"\" data-trp-gettext=\"\">Pasahitza ahaztu zaizu?<\/a>\n\t\t\t<\/p>\n\n\t\t\t\n\t\t<input type=\"hidden\" name=\"trp-form-language\" value=\"eus\"\/><\/form>\n\n\n<\/div>\t\t<\/div>\n\t\t\t\t\t\t<\/div>\n\t\t\t\t<\/div>\n\t\t\t\t\t<\/div>\n\t\t\t\t<\/div>\n\t\t\t\t<\/div>","protected":false},"excerpt":{"rendered":"<p>Mi cuenta Escritorio Pedidos Descargas Direcciones Detalles de la cuenta Cerrar sesi\u00f3n Hola admin (\u00bfno eres admin? Cerrar sesi\u00f3n) Desde el escritorio de tu cuenta puedes ver tus pedidos recientes, gestionar tus direcciones de env\u00edo y facturaci\u00f3n y editar tu contrase\u00f1a y los detalles de tu cuenta.<\/p>","protected":false},"author":1,"featured_media":0,"parent":0,"menu_order":0,"comment_status":"closed","ping_status":"closed","template":"","meta":{"footnotes":""},"class_list":["post-1606","page","type-page","status-publish","hentry"],"yoast_head":"<!-- This site is optimized with the Yoast SEO plugin v27.4 - https:\/\/yoast.com\/product\/yoast-seo-wordpress\/ -->\n<title>Mi cuenta - Pasteler\u00eda el Cisne<\/title>\n<meta name=\"robots\" content=\"index, follow, max-snippet:-1, max-image-preview:large, max-video-preview:-1\" \/>\n<link rel=\"canonical\" href=\"https:\/\/tienda.pasteleriaelcisne.es\/eus\/mi-cuenta\/\" \/>\n<meta property=\"og:locale\" content=\"en_US\" \/>\n<meta property=\"og:type\" content=\"article\" \/>\n<meta property=\"og:title\" content=\"Mi cuenta - Pasteler\u00eda el Cisne\" \/>\n<meta property=\"og:description\" content=\"Mi cuenta Escritorio Pedidos Descargas Direcciones Detalles de la cuenta Cerrar sesi\u00f3n Hola admin (\u00bfno eres admin? Cerrar sesi\u00f3n) Desde el escritorio de tu cuenta puedes ver tus pedidos recientes, gestionar tus direcciones de env\u00edo y facturaci\u00f3n y editar tu contrase\u00f1a y los detalles de tu cuenta.\" \/>\n<meta property=\"og:url\" content=\"https:\/\/tienda.pasteleriaelcisne.es\/eus\/mi-cuenta\/\" \/>\n<meta property=\"og:site_name\" content=\"Pasteler\u00eda el Cisne\" \/>\n<meta property=\"article:modified_time\" content=\"2024-09-27T07:54:12+00:00\" \/>\n<meta name=\"twitter:card\" content=\"summary_large_image\" \/>\n<meta name=\"twitter:label1\" content=\"Est. reading time\" \/>\n\t<meta name=\"twitter:data1\" content=\"1 minutua\" \/>\n<script type=\"application\/ld+json\" class=\"yoast-schema-graph\">{\"@context\":\"https:\\\/\\\/schema.org\",\"@graph\":[{\"@type\":\"WebPage\",\"@id\":\"https:\\\/\\\/tienda.pasteleriaelcisne.es\\\/mi-cuenta\\\/\",\"url\":\"https:\\\/\\\/tienda.pasteleriaelcisne.es\\\/mi-cuenta\\\/\",\"name\":\"Mi cuenta - Pasteler\u00eda el Cisne\",\"isPartOf\":{\"@id\":\"https:\\\/\\\/tienda.pasteleriaelcisne.es\\\/#website\"},\"datePublished\":\"2024-09-25T09:57:21+00:00\",\"dateModified\":\"2024-09-27T07:54:12+00:00\",\"breadcrumb\":{\"@id\":\"https:\\\/\\\/tienda.pasteleriaelcisne.es\\\/mi-cuenta\\\/#breadcrumb\"},\"inLanguage\":\"eu\",\"potentialAction\":[{\"@type\":\"ReadAction\",\"target\":[\"https:\\\/\\\/tienda.pasteleriaelcisne.es\\\/mi-cuenta\\\/\"]}]},{\"@type\":\"BreadcrumbList\",\"@id\":\"https:\\\/\\\/tienda.pasteleriaelcisne.es\\\/mi-cuenta\\\/#breadcrumb\",\"itemListElement\":[{\"@type\":\"ListItem\",\"position\":1,\"name\":\"Portada\",\"item\":\"https:\\\/\\\/tienda.pasteleriaelcisne.es\\\/\"},{\"@type\":\"ListItem\",\"position\":2,\"name\":\"Mi cuenta\"}]},{\"@type\":\"WebSite\",\"@id\":\"https:\\\/\\\/tienda.pasteleriaelcisne.es\\\/#website\",\"url\":\"https:\\\/\\\/tienda.pasteleriaelcisne.es\\\/\",\"name\":\"Pasteler\u00eda el Cisne\",\"description\":\"\",\"publisher\":{\"@id\":\"https:\\\/\\\/tienda.pasteleriaelcisne.es\\\/#organization\"},\"potentialAction\":[{\"@type\":\"SearchAction\",\"target\":{\"@type\":\"EntryPoint\",\"urlTemplate\":\"https:\\\/\\\/tienda.pasteleriaelcisne.es\\\/?s={search_term_string}\"},\"query-input\":{\"@type\":\"PropertyValueSpecification\",\"valueRequired\":true,\"valueName\":\"search_term_string\"}}],\"inLanguage\":\"eu\"},{\"@type\":\"Organization\",\"@id\":\"https:\\\/\\\/tienda.pasteleriaelcisne.es\\\/#organization\",\"name\":\"Pasteler\u00eda el Cisne\",\"url\":\"https:\\\/\\\/tienda.pasteleriaelcisne.es\\\/\",\"logo\":{\"@type\":\"ImageObject\",\"inLanguage\":\"eu\",\"@id\":\"https:\\\/\\\/tienda.pasteleriaelcisne.es\\\/#\\\/schema\\\/logo\\\/image\\\/\",\"url\":\"https:\\\/\\\/tienda.pasteleriaelcisne.es\\\/wp-content\\\/uploads\\\/2024\\\/06\\\/cropped-logo.png\",\"contentUrl\":\"https:\\\/\\\/tienda.pasteleriaelcisne.es\\\/wp-content\\\/uploads\\\/2024\\\/06\\\/cropped-logo.png\",\"width\":763,\"height\":353,\"caption\":\"Pasteler\u00eda el Cisne\"},\"image\":{\"@id\":\"https:\\\/\\\/tienda.pasteleriaelcisne.es\\\/#\\\/schema\\\/logo\\\/image\\\/\"}}]}<\/script>\n<!-- \/ Yoast SEO plugin. -->","yoast_head_json":{"title":"Mi cuenta - Pasteler\u00eda el Cisne","robots":{"index":"index","follow":"follow","max-snippet":"max-snippet:-1","max-image-preview":"max-image-preview:large","max-video-preview":"max-video-preview:-1"},"canonical":"https:\/\/tienda.pasteleriaelcisne.es\/eus\/mi-cuenta\/","og_locale":"en_US","og_type":"article","og_title":"Mi cuenta - Pasteler\u00eda el Cisne","og_description":"Mi cuenta Escritorio Pedidos Descargas Direcciones Detalles de la cuenta Cerrar sesi\u00f3n Hola admin (\u00bfno eres admin? Cerrar sesi\u00f3n) Desde el escritorio de tu cuenta puedes ver tus pedidos recientes, gestionar tus direcciones de env\u00edo y facturaci\u00f3n y editar tu contrase\u00f1a y los detalles de tu cuenta.","og_url":"https:\/\/tienda.pasteleriaelcisne.es\/eus\/mi-cuenta\/","og_site_name":"Pasteler\u00eda el Cisne","article_modified_time":"2024-09-27T07:54:12+00:00","twitter_card":"summary_large_image","twitter_misc":{"Est. reading time":"1 minutua"},"schema":{"@context":"https:\/\/schema.org","@graph":[{"@type":"WebPage","@id":"https:\/\/tienda.pasteleriaelcisne.es\/mi-cuenta\/","url":"https:\/\/tienda.pasteleriaelcisne.es\/mi-cuenta\/","name":"Mi cuenta - Pasteler\u00eda el Cisne","isPartOf":{"@id":"https:\/\/tienda.pasteleriaelcisne.es\/#website"},"datePublished":"2024-09-25T09:57:21+00:00","dateModified":"2024-09-27T07:54:12+00:00","breadcrumb":{"@id":"https:\/\/tienda.pasteleriaelcisne.es\/mi-cuenta\/#breadcrumb"},"inLanguage":"eu","potentialAction":[{"@type":"ReadAction","target":["https:\/\/tienda.pasteleriaelcisne.es\/mi-cuenta\/"]}]},{"@type":"BreadcrumbList","@id":"https:\/\/tienda.pasteleriaelcisne.es\/mi-cuenta\/#breadcrumb","itemListElement":[{"@type":"ListItem","position":1,"name":"Portada","item":"https:\/\/tienda.pasteleriaelcisne.es\/"},{"@type":"ListItem","position":2,"name":"Mi cuenta"}]},{"@type":"WebSite","@id":"https:\/\/tienda.pasteleriaelcisne.es\/#website","url":"https:\/\/tienda.pasteleriaelcisne.es\/","name":"Pasteler\u00eda el Cisne","description":"","publisher":{"@id":"https:\/\/tienda.pasteleriaelcisne.es\/#organization"},"potentialAction":[{"@type":"SearchAction","target":{"@type":"EntryPoint","urlTemplate":"https:\/\/tienda.pasteleriaelcisne.es\/?s={search_term_string}"},"query-input":{"@type":"PropertyValueSpecification","valueRequired":true,"valueName":"search_term_string"}}],"inLanguage":"eu"},{"@type":"Organization","@id":"https:\/\/tienda.pasteleriaelcisne.es\/#organization","name":"Pasteler\u00eda el Cisne","url":"https:\/\/tienda.pasteleriaelcisne.es\/","logo":{"@type":"ImageObject","inLanguage":"eu","@id":"https:\/\/tienda.pasteleriaelcisne.es\/#\/schema\/logo\/image\/","url":"https:\/\/tienda.pasteleriaelcisne.es\/wp-content\/uploads\/2024\/06\/cropped-logo.png","contentUrl":"https:\/\/tienda.pasteleriaelcisne.es\/wp-content\/uploads\/2024\/06\/cropped-logo.png","width":763,"height":353,"caption":"Pasteler\u00eda el Cisne"},"image":{"@id":"https:\/\/tienda.pasteleriaelcisne.es\/#\/schema\/logo\/image\/"}}]}},"_links":{"self":[{"href":"https:\/\/tienda.pasteleriaelcisne.es\/eus\/wp-json\/wp\/v2\/pages\/1606","targetHints":{"allow":["GET"]}}],"collection":[{"href":"https:\/\/tienda.pasteleriaelcisne.es\/eus\/wp-json\/wp\/v2\/pages"}],"about":[{"href":"https:\/\/tienda.pasteleriaelcisne.es\/eus\/wp-json\/wp\/v2\/types\/page"}],"author":[{"embeddable":true,"href":"https:\/\/tienda.pasteleriaelcisne.es\/eus\/wp-json\/wp\/v2\/users\/1"}],"replies":[{"embeddable":true,"href":"https:\/\/tienda.pasteleriaelcisne.es\/eus\/wp-json\/wp\/v2\/comments?post=1606"}],"version-history":[{"count":39,"href":"https:\/\/tienda.pasteleriaelcisne.es\/eus\/wp-json\/wp\/v2\/pages\/1606\/revisions"}],"predecessor-version":[{"id":2153,"href":"https:\/\/tienda.pasteleriaelcisne.es\/eus\/wp-json\/wp\/v2\/pages\/1606\/revisions\/2153"}],"wp:attachment":[{"href":"https:\/\/tienda.pasteleriaelcisne.es\/eus\/wp-json\/wp\/v2\/media?parent=1606"}],"curies":[{"name":"wp","href":"https:\/\/api.w.org\/{rel}","templated":true}]}}