{"id":1617,"date":"2024-09-25T10:25:44","date_gmt":"2024-09-25T10:25:44","guid":{"rendered":"https:\/\/pasteleriaelcisne.rkinformatika.online\/?post_type=product&#038;p=1617"},"modified":"2024-09-25T11:50:52","modified_gmt":"2024-09-25T11:50:52","slug":"baguette","status":"publish","type":"product","link":"https:\/\/tienda.pasteleriaelcisne.es\/eus\/produktua\/baguette\/","title":{"rendered":"Baguette"},"content":{"rendered":"<p>Pan franc\u00e9s largo y crujiente por fuera, suave por dentro, perfecto para acompa\u00f1ar comidas o hacer s\u00e1ndwiches.<\/p>","protected":false},"excerpt":{"rendered":"<p>Pan franc\u00e9s largo y crujiente por fuera, suave por dentro, perfecto para acompa\u00f1ar comidas o hacer s\u00e1ndwiches.<\/p>","protected":false},"featured_media":1618,"comment_status":"open","ping_status":"closed","template":"","meta":[],"product_brand":[],"product_cat":[21],"product_tag":[],"class_list":{"0":"post-1617","1":"product","2":"type-product","3":"status-publish","4":"has-post-thumbnail","6":"product_cat-pan","8":"first","9":"instock","10":"shipping-taxable","11":"purchasable","12":"product-type-simple"},"yoast_head":"<!-- This site is optimized with the Yoast SEO plugin v27.4 - https:\/\/yoast.com\/product\/yoast-seo-wordpress\/ -->\n<title>Baguette - Pasteler\u00eda el Cisne<\/title>\n<meta name=\"robots\" content=\"index, follow, max-snippet:-1, max-image-preview:large, max-video-preview:-1\" \/>\n<link rel=\"canonical\" href=\"https:\/\/tienda.pasteleriaelcisne.es\/eus\/produktua\/baguette\/\" \/>\n<meta property=\"og:locale\" content=\"en_US\" \/>\n<meta property=\"og:type\" content=\"article\" \/>\n<meta property=\"og:title\" content=\"Baguette - Pasteler\u00eda el Cisne\" \/>\n<meta property=\"og:description\" content=\"Pan franc\u00e9s largo y crujiente por fuera, suave por dentro, perfecto para acompa\u00f1ar comidas o hacer s\u00e1ndwiches.\" \/>\n<meta property=\"og:url\" content=\"https:\/\/tienda.pasteleriaelcisne.es\/eus\/produktua\/baguette\/\" \/>\n<meta property=\"og:site_name\" content=\"Pasteler\u00eda el Cisne\" \/>\n<meta property=\"article:modified_time\" content=\"2024-09-25T11:50:52+00:00\" \/>\n<meta property=\"og:image\" content=\"https:\/\/tienda.pasteleriaelcisne.es\/wp-content\/uploads\/2024\/09\/baguette-bread.jpg\" \/>\n\t<meta property=\"og:image:width\" content=\"1333\" \/>\n\t<meta property=\"og:image:height\" content=\"2000\" \/>\n\t<meta property=\"og:image:type\" content=\"image\/jpeg\" \/>\n<meta name=\"twitter:card\" content=\"summary_large_image\" \/>\n<meta name=\"twitter:label1\" content=\"Est. reading time\" \/>\n\t<meta name=\"twitter:data1\" content=\"1 minutua\" \/>\n<script type=\"application\/ld+json\" class=\"yoast-schema-graph\">{\"@context\":\"https:\\\/\\\/schema.org\",\"@graph\":[{\"@type\":\"WebPage\",\"@id\":\"https:\\\/\\\/tienda.pasteleriaelcisne.es\\\/producto\\\/baguette\\\/\",\"url\":\"https:\\\/\\\/tienda.pasteleriaelcisne.es\\\/producto\\\/baguette\\\/\",\"name\":\"Baguette - Pasteler\u00eda el Cisne\",\"isPartOf\":{\"@id\":\"https:\\\/\\\/tienda.pasteleriaelcisne.es\\\/#website\"},\"primaryImageOfPage\":{\"@id\":\"https:\\\/\\\/tienda.pasteleriaelcisne.es\\\/producto\\\/baguette\\\/#primaryimage\"},\"image\":{\"@id\":\"https:\\\/\\\/tienda.pasteleriaelcisne.es\\\/producto\\\/baguette\\\/#primaryimage\"},\"thumbnailUrl\":\"https:\\\/\\\/tienda.pasteleriaelcisne.es\\\/wp-content\\\/uploads\\\/2024\\\/09\\\/baguette-bread.jpg\",\"datePublished\":\"2024-09-25T10:25:44+00:00\",\"dateModified\":\"2024-09-25T11:50:52+00:00\",\"breadcrumb\":{\"@id\":\"https:\\\/\\\/tienda.pasteleriaelcisne.es\\\/producto\\\/baguette\\\/#breadcrumb\"},\"inLanguage\":\"eu\",\"potentialAction\":[{\"@type\":\"ReadAction\",\"target\":[\"https:\\\/\\\/tienda.pasteleriaelcisne.es\\\/producto\\\/baguette\\\/\"]}]},{\"@type\":\"ImageObject\",\"inLanguage\":\"eu\",\"@id\":\"https:\\\/\\\/tienda.pasteleriaelcisne.es\\\/producto\\\/baguette\\\/#primaryimage\",\"url\":\"https:\\\/\\\/tienda.pasteleriaelcisne.es\\\/wp-content\\\/uploads\\\/2024\\\/09\\\/baguette-bread.jpg\",\"contentUrl\":\"https:\\\/\\\/tienda.pasteleriaelcisne.es\\\/wp-content\\\/uploads\\\/2024\\\/09\\\/baguette-bread.jpg\",\"width\":1333,\"height\":2000,\"caption\":\"Baguette Bread\"},{\"@type\":\"BreadcrumbList\",\"@id\":\"https:\\\/\\\/tienda.pasteleriaelcisne.es\\\/producto\\\/baguette\\\/#breadcrumb\",\"itemListElement\":[{\"@type\":\"ListItem\",\"position\":1,\"name\":\"Portada\",\"item\":\"https:\\\/\\\/tienda.pasteleriaelcisne.es\\\/\"},{\"@type\":\"ListItem\",\"position\":2,\"name\":\"Tienda\",\"item\":\"https:\\\/\\\/tienda.pasteleriaelcisne.es\\\/tienda\\\/\"},{\"@type\":\"ListItem\",\"position\":3,\"name\":\"Baguette\"}]},{\"@type\":\"WebSite\",\"@id\":\"https:\\\/\\\/tienda.pasteleriaelcisne.es\\\/#website\",\"url\":\"https:\\\/\\\/tienda.pasteleriaelcisne.es\\\/\",\"name\":\"Pasteler\u00eda el Cisne\",\"description\":\"\",\"publisher\":{\"@id\":\"https:\\\/\\\/tienda.pasteleriaelcisne.es\\\/#organization\"},\"potentialAction\":[{\"@type\":\"SearchAction\",\"target\":{\"@type\":\"EntryPoint\",\"urlTemplate\":\"https:\\\/\\\/tienda.pasteleriaelcisne.es\\\/?s={search_term_string}\"},\"query-input\":{\"@type\":\"PropertyValueSpecification\",\"valueRequired\":true,\"valueName\":\"search_term_string\"}}],\"inLanguage\":\"eu\"},{\"@type\":\"Organization\",\"@id\":\"https:\\\/\\\/tienda.pasteleriaelcisne.es\\\/#organization\",\"name\":\"Pasteler\u00eda el Cisne\",\"url\":\"https:\\\/\\\/tienda.pasteleriaelcisne.es\\\/\",\"logo\":{\"@type\":\"ImageObject\",\"inLanguage\":\"eu\",\"@id\":\"https:\\\/\\\/tienda.pasteleriaelcisne.es\\\/#\\\/schema\\\/logo\\\/image\\\/\",\"url\":\"https:\\\/\\\/tienda.pasteleriaelcisne.es\\\/wp-content\\\/uploads\\\/2024\\\/06\\\/cropped-logo.png\",\"contentUrl\":\"https:\\\/\\\/tienda.pasteleriaelcisne.es\\\/wp-content\\\/uploads\\\/2024\\\/06\\\/cropped-logo.png\",\"width\":763,\"height\":353,\"caption\":\"Pasteler\u00eda el Cisne\"},\"image\":{\"@id\":\"https:\\\/\\\/tienda.pasteleriaelcisne.es\\\/#\\\/schema\\\/logo\\\/image\\\/\"}}]}<\/script>\n<!-- \/ Yoast SEO plugin. -->","yoast_head_json":{"title":"Baguette - Pasteler\u00eda el Cisne","robots":{"index":"index","follow":"follow","max-snippet":"max-snippet:-1","max-image-preview":"max-image-preview:large","max-video-preview":"max-video-preview:-1"},"canonical":"https:\/\/tienda.pasteleriaelcisne.es\/eus\/produktua\/baguette\/","og_locale":"en_US","og_type":"article","og_title":"Baguette - Pasteler\u00eda el Cisne","og_description":"Pan franc\u00e9s largo y crujiente por fuera, suave por dentro, perfecto para acompa\u00f1ar comidas o hacer s\u00e1ndwiches.","og_url":"https:\/\/tienda.pasteleriaelcisne.es\/eus\/produktua\/baguette\/","og_site_name":"Pasteler\u00eda el Cisne","article_modified_time":"2024-09-25T11:50:52+00:00","og_image":[{"width":1333,"height":2000,"url":"https:\/\/tienda.pasteleriaelcisne.es\/wp-content\/uploads\/2024\/09\/baguette-bread.jpg","type":"image\/jpeg"}],"twitter_card":"summary_large_image","twitter_misc":{"Est. reading time":"1 minutua"},"schema":{"@context":"https:\/\/schema.org","@graph":[{"@type":"WebPage","@id":"https:\/\/tienda.pasteleriaelcisne.es\/producto\/baguette\/","url":"https:\/\/tienda.pasteleriaelcisne.es\/producto\/baguette\/","name":"Baguette - Pasteler\u00eda el Cisne","isPartOf":{"@id":"https:\/\/tienda.pasteleriaelcisne.es\/#website"},"primaryImageOfPage":{"@id":"https:\/\/tienda.pasteleriaelcisne.es\/producto\/baguette\/#primaryimage"},"image":{"@id":"https:\/\/tienda.pasteleriaelcisne.es\/producto\/baguette\/#primaryimage"},"thumbnailUrl":"https:\/\/tienda.pasteleriaelcisne.es\/wp-content\/uploads\/2024\/09\/baguette-bread.jpg","datePublished":"2024-09-25T10:25:44+00:00","dateModified":"2024-09-25T11:50:52+00:00","breadcrumb":{"@id":"https:\/\/tienda.pasteleriaelcisne.es\/producto\/baguette\/#breadcrumb"},"inLanguage":"eu","potentialAction":[{"@type":"ReadAction","target":["https:\/\/tienda.pasteleriaelcisne.es\/producto\/baguette\/"]}]},{"@type":"ImageObject","inLanguage":"eu","@id":"https:\/\/tienda.pasteleriaelcisne.es\/producto\/baguette\/#primaryimage","url":"https:\/\/tienda.pasteleriaelcisne.es\/wp-content\/uploads\/2024\/09\/baguette-bread.jpg","contentUrl":"https:\/\/tienda.pasteleriaelcisne.es\/wp-content\/uploads\/2024\/09\/baguette-bread.jpg","width":1333,"height":2000,"caption":"Baguette Bread"},{"@type":"BreadcrumbList","@id":"https:\/\/tienda.pasteleriaelcisne.es\/producto\/baguette\/#breadcrumb","itemListElement":[{"@type":"ListItem","position":1,"name":"Portada","item":"https:\/\/tienda.pasteleriaelcisne.es\/"},{"@type":"ListItem","position":2,"name":"Tienda","item":"https:\/\/tienda.pasteleriaelcisne.es\/tienda\/"},{"@type":"ListItem","position":3,"name":"Baguette"}]},{"@type":"WebSite","@id":"https:\/\/tienda.pasteleriaelcisne.es\/#website","url":"https:\/\/tienda.pasteleriaelcisne.es\/","name":"Pasteler\u00eda el Cisne","description":"","publisher":{"@id":"https:\/\/tienda.pasteleriaelcisne.es\/#organization"},"potentialAction":[{"@type":"SearchAction","target":{"@type":"EntryPoint","urlTemplate":"https:\/\/tienda.pasteleriaelcisne.es\/?s={search_term_string}"},"query-input":{"@type":"PropertyValueSpecification","valueRequired":true,"valueName":"search_term_string"}}],"inLanguage":"eu"},{"@type":"Organization","@id":"https:\/\/tienda.pasteleriaelcisne.es\/#organization","name":"Pasteler\u00eda el Cisne","url":"https:\/\/tienda.pasteleriaelcisne.es\/","logo":{"@type":"ImageObject","inLanguage":"eu","@id":"https:\/\/tienda.pasteleriaelcisne.es\/#\/schema\/logo\/image\/","url":"https:\/\/tienda.pasteleriaelcisne.es\/wp-content\/uploads\/2024\/06\/cropped-logo.png","contentUrl":"https:\/\/tienda.pasteleriaelcisne.es\/wp-content\/uploads\/2024\/06\/cropped-logo.png","width":763,"height":353,"caption":"Pasteler\u00eda el Cisne"},"image":{"@id":"https:\/\/tienda.pasteleriaelcisne.es\/#\/schema\/logo\/image\/"}}]}},"_links":{"self":[{"href":"https:\/\/tienda.pasteleriaelcisne.es\/eus\/wp-json\/wp\/v2\/product\/1617","targetHints":{"allow":["GET"]}}],"collection":[{"href":"https:\/\/tienda.pasteleriaelcisne.es\/eus\/wp-json\/wp\/v2\/product"}],"about":[{"href":"https:\/\/tienda.pasteleriaelcisne.es\/eus\/wp-json\/wp\/v2\/types\/product"}],"replies":[{"embeddable":true,"href":"https:\/\/tienda.pasteleriaelcisne.es\/eus\/wp-json\/wp\/v2\/comments?post=1617"}],"wp:featuredmedia":[{"embeddable":true,"href":"https:\/\/tienda.pasteleriaelcisne.es\/eus\/wp-json\/wp\/v2\/media\/1618"}],"wp:attachment":[{"href":"https:\/\/tienda.pasteleriaelcisne.es\/eus\/wp-json\/wp\/v2\/media?parent=1617"}],"wp:term":[{"taxonomy":"product_brand","embeddable":true,"href":"https:\/\/tienda.pasteleriaelcisne.es\/eus\/wp-json\/wp\/v2\/product_brand?post=1617"},{"taxonomy":"product_cat","embeddable":true,"href":"https:\/\/tienda.pasteleriaelcisne.es\/eus\/wp-json\/wp\/v2\/product_cat?post=1617"},{"taxonomy":"product_tag","embeddable":true,"href":"https:\/\/tienda.pasteleriaelcisne.es\/eus\/wp-json\/wp\/v2\/product_tag?post=1617"}],"curies":[{"name":"wp","href":"https:\/\/api.w.org\/{rel}","templated":true}]}}